{"id":756,"date":"2024-08-12T15:27:23","date_gmt":"2024-08-12T13:27:23","guid":{"rendered":"https:\/\/www.ambio.ch\/umweltberatung\/?page_id=756"},"modified":"2025-07-20T15:08:49","modified_gmt":"2025-07-20T13:08:49","slug":"innovation","status":"publish","type":"page","link":"https:\/\/www.ambio.ch\/umweltberatung\/dienstleistungen\/innovation\/","title":{"rendered":"Innovation"},"content":{"rendered":"\n<p>2023 haben wir als industrieller Partner der <a href=\"https:\/\/www.fhnw.ch\/en\/people\/stefan-gaugler\">ICB-Gruppe f\u00fcr Analytische Chemie der Fachhochschule Nordwestschweiz FHNW Forschung<\/a> von Innosuisse einen F\u00f6rderkredit erhalten um eine standardisierten Anspr\u00fcchen gen\u00fcgende Probenahmetechnik und Analytik f\u00fcr Mikroplastik zu entwickeln. Beteiligt war auch der Kanton Aargau, der an zwei automatischen Stationen permanent Wasserproben zur Bestimmung der Mikroverunreinigungen sammelt.<\/p>\n\n\n\n<figure class=\"wp-block-image size-large\"><img loading=\"lazy\" decoding=\"async\" width=\"1024\" height=\"485\" src=\"https:\/\/www.ambio.ch\/umweltberatung\/wp-content\/uploads\/2024\/08\/Pyro-GC-MS-System-1-1024x485.jpg\" alt=\"\" class=\"wp-image-767\" srcset=\"https:\/\/www.ambio.ch\/umweltberatung\/wp-content\/uploads\/2024\/08\/Pyro-GC-MS-System-1-1024x485.jpg 1024w, https:\/\/www.ambio.ch\/umweltberatung\/wp-content\/uploads\/2024\/08\/Pyro-GC-MS-System-1-300x142.jpg 300w, https:\/\/www.ambio.ch\/umweltberatung\/wp-content\/uploads\/2024\/08\/Pyro-GC-MS-System-1-768x363.jpg 768w, https:\/\/www.ambio.ch\/umweltberatung\/wp-content\/uploads\/2024\/08\/Pyro-GC-MS-System-1-1536x727.jpg 1536w, https:\/\/www.ambio.ch\/umweltberatung\/wp-content\/uploads\/2024\/08\/Pyro-GC-MS-System-1-150x71.jpg 150w, https:\/\/www.ambio.ch\/umweltberatung\/wp-content\/uploads\/2024\/08\/Pyro-GC-MS-System-1.jpg 2016w\" sizes=\"(max-width: 1024px) 100vw, 1024px\" \/><\/figure>\n\n\n\n<p>Der gr\u00f6sste Teil des Probenumfangs konnte f\u00fcr die methodischen Tests zur Bestimmung des in den Proben enthaltenen Mikroplastik mittels Py-GC-MS, \u00b5FTIR, LDIR und \u00b5RAMAN verwendet werden. Ziel ist repr\u00e4sentative Samples zu erhalten und den darin enthaltenen Mikroplastik zuverl\u00e4ssig nach Plastikart und Menge zu bestimmen. Der Versuch ist ein erster Pilotlauf in der Schweiz, bei dem f\u00fcr die Bestimmung von Mikroplastik im Wasser ein Pyro-GC-MS-System (siehe Bild oben) zu Anwendung kommt. Bestandteil ist auch die Entwicklung eines autonomen Samplers f\u00fcr Mikroplastik, der definierte Wassermengen sowohl am Grund wie auch in den oberen Wasserschichten eines Gew\u00e4ssers flitriert.<\/p>\n\n\n\n<p><strong>#Mikroplastik #Wasserqualit\u00e4t #Wasser\u00fcberwachung #Innovation<\/strong><br><a href=\"https:\/\/www.linkedin.com\/feed\/hashtag\/?keywords=mikroplastik&amp;highlightedUpdateUrns=urn%3Ali%3Aactivity%3A7173965205729636353\"><\/a><\/p>\n\n\n\n<figure class=\"wp-block-gallery has-nested-images columns-default is-cropped wp-block-gallery-1 is-layout-flex wp-block-gallery-is-layout-flex\">\n<figure class=\"wp-block-image size-large\"><img loading=\"lazy\" decoding=\"async\" width=\"1024\" height=\"769\" data-id=\"760\" src=\"https:\/\/www.ambio.ch\/umweltberatung\/wp-content\/uploads\/2024\/08\/IMG_0708-1-1024x769.jpg\" alt=\"\" class=\"wp-image-760\"\/><\/figure>\n\n\n\n<figure class=\"wp-block-image size-large\"><img loading=\"lazy\" decoding=\"async\" width=\"689\" height=\"919\" data-id=\"759\" src=\"https:\/\/www.ambio.ch\/umweltberatung\/wp-content\/uploads\/2024\/08\/IMG_0695.jpg\" alt=\"\" class=\"wp-image-759\" srcset=\"https:\/\/www.ambio.ch\/umweltberatung\/wp-content\/uploads\/2024\/08\/IMG_0695.jpg 689w, https:\/\/www.ambio.ch\/umweltberatung\/wp-content\/uploads\/2024\/08\/IMG_0695-225x300.jpg 225w, https:\/\/www.ambio.ch\/umweltberatung\/wp-content\/uploads\/2024\/08\/IMG_0695-112x150.jpg 112w\" sizes=\"(max-width: 689px) 100vw, 689px\" \/><\/figure>\n\n\n\n<figure class=\"wp-block-image size-large\"><img loading=\"lazy\" decoding=\"async\" width=\"1024\" height=\"769\" data-id=\"761\" src=\"https:\/\/www.ambio.ch\/umweltberatung\/wp-content\/uploads\/2024\/08\/Aarghay-1024x769.jpg\" alt=\"\" class=\"wp-image-761\"\/><\/figure>\n<\/figure>\n\n\n\n<div class=\"wp-block-buttons is-content-justification-center is-layout-flex wp-container-core-buttons-is-layout-1 wp-block-buttons-is-layout-flex\">\n<div class=\"wp-block-button is-style-fill\"><a class=\"wp-block-button__link wp-element-button\"> FHNW Microplastic detecion in water samples<br>https:\/\/www.fhnw.ch\/plattformen\/icb\/microplastic-detecion-in-water-samples\/<\/a><\/div>\n<\/div>\n","protected":false},"excerpt":{"rendered":"<p>2023 haben wir als industrieller Partner der ICB-Gruppe f\u00fcr Analytische Chemie der Fachhochschule Nordwestschweiz FHNW Forschung von Innosuisse einen F\u00f6rderkredit erhalten um eine standardisierten Anspr\u00fcchen gen\u00fcgende Probenahmetechnik und Analytik f\u00fcr Mikroplastik zu entwickeln. Beteiligt war auch der Kanton Aargau, der an zwei automatischen Stationen permanent Wasserproben zur Bestimmung der Mikroverunreinigungen&#8230;<\/p>\n<p> <a class=\"continue-reading-link\" href=\"https:\/\/www.ambio.ch\/umweltberatung\/dienstleistungen\/innovation\/\"><span>Continue reading<\/span><i class=\"crycon-right-dir\"><\/i><\/a> <\/p>\n","protected":false},"author":1,"featured_media":0,"parent":8,"menu_order":1,"comment_status":"closed","ping_status":"closed","template":"","meta":{"footnotes":""},"class_list":["post-756","page","type-page","status-publish","hentry"],"_links":{"self":[{"href":"https:\/\/www.ambio.ch\/umweltberatung\/wp-json\/wp\/v2\/pages\/756"}],"collection":[{"href":"https:\/\/www.ambio.ch\/umweltberatung\/wp-json\/wp\/v2\/pages"}],"about":[{"href":"https:\/\/www.ambio.ch\/umweltberatung\/wp-json\/wp\/v2\/types\/page"}],"author":[{"embeddable":true,"href":"https:\/\/www.ambio.ch\/umweltberatung\/wp-json\/wp\/v2\/users\/1"}],"replies":[{"embeddable":true,"href":"https:\/\/www.ambio.ch\/umweltberatung\/wp-json\/wp\/v2\/comments?post=756"}],"version-history":[{"count":19,"href":"https:\/\/www.ambio.ch\/umweltberatung\/wp-json\/wp\/v2\/pages\/756\/revisions"}],"predecessor-version":[{"id":1129,"href":"https:\/\/www.ambio.ch\/umweltberatung\/wp-json\/wp\/v2\/pages\/756\/revisions\/1129"}],"up":[{"embeddable":true,"href":"https:\/\/www.ambio.ch\/umweltberatung\/wp-json\/wp\/v2\/pages\/8"}],"wp:attachment":[{"href":"https:\/\/www.ambio.ch\/umweltberatung\/wp-json\/wp\/v2\/media?parent=756"}],"curies":[{"name":"wp","href":"https:\/\/api.w.org\/{rel}","templated":true}]}}