{"id":30,"date":"2018-12-06T12:04:53","date_gmt":"2018-12-06T11:04:53","guid":{"rendered":"http:\/\/www.ambio.ch\/umweltberatung\/?page_id=30"},"modified":"2019-05-09T11:17:33","modified_gmt":"2019-05-09T09:17:33","slug":"umweltdaten-und-politik","status":"publish","type":"page","link":"https:\/\/www.ambio.ch\/umweltberatung\/referenzen\/umweltdaten-und-politik\/","title":{"rendered":"Umweltdaten und Politik"},"content":{"rendered":"\n<p>Ausgew\u00e4hlte Projekte:<\/p>\n\n\n\n<ul class=\"wp-block-list\"><li>Erfolgsfaktoren im Vollzug verschiedener Umweltbereiche. Identifizierung und Analyse der Erfolgsfaktoren im Vollzug in den in den Umweltteilbereichen Walderhaltung, Waldreservate, Mobilfunk, Siedlungsabf\u00e4lle und Bauabf\u00e4lle. Diskussion der M\u00f6glichkeiten zur Verbesserung des Vollzugs in den Umweltbereichen Strassenl\u00e4rm, Biodiversit\u00e4t (Arten und Biotope) und Boden (Fokus: qualitativer Bodenschutz). In Arbeitsgemeinschaft mit Infras und Ecosens Auftraggeber: Bundesamt f\u00fcr Umwelt, 2017 \u2013 2018<\/li><li>Konzept und Entwicklung eines integralen Systems zur \u00dcberwachung der Biodiversit\u00e4t in der Schweiz ab 2014, Phase 2: Evaluation. Mit Bezug auf die Entwicklung eines sektor\u00fcbergreifenden \u00dcberwachungssystems der Biodiversit\u00e4t. Auftraggeber: Bundesamt f\u00fcr Umwelt, 2013<\/li><li>Analyse der bestehenden, quantitativen Ziele der schweizerischen Biodiversit\u00e4tspolitik. Studie im Rahmen der Erarbeitung der Strategie Biodiversit\u00e4t Schweiz (SBS). Auftraggeber: Bundesamt f\u00fcr Umwelt (BAFU), 2008 \u2013 2009<br><\/li><\/ul>\n\n\n\n<div class=\"wp-block-file\"><a href=\"https:\/\/www.ambio.ch\/umweltberatung\/wp-content\/uploads\/2018\/12\/UMPOL_Referenzen_dat.pdf\">Umwelt &amp; Politik Referenzen<\/a><a href=\"https:\/\/www.ambio.ch\/umweltberatung\/wp-content\/uploads\/2018\/12\/UMPOL_Referenzen_dat.pdf\" class=\"wp-block-file__button\" download>Herunterladen<\/a><\/div>\n","protected":false},"excerpt":{"rendered":"<p>Ausgew\u00e4hlte Projekte: Erfolgsfaktoren im Vollzug verschiedener Umweltbereiche. Identifizierung und Analyse der Erfolgsfaktoren im Vollzug in den in den Umweltteilbereichen Walderhaltung, Waldreservate, Mobilfunk, Siedlungsabf\u00e4lle und Bauabf\u00e4lle. Diskussion der M\u00f6glichkeiten zur Verbesserung des Vollzugs in den Umweltbereichen Strassenl\u00e4rm, Biodiversit\u00e4t (Arten und Biotope) und Boden (Fokus: qualitativer Bodenschutz). In Arbeitsgemeinschaft mit Infras und&#8230;<\/p>\n<p> <a class=\"continue-reading-link\" href=\"https:\/\/www.ambio.ch\/umweltberatung\/referenzen\/umweltdaten-und-politik\/\"><span>Continue reading<\/span><i class=\"crycon-right-dir\"><\/i><\/a> <\/p>\n","protected":false},"author":2,"featured_media":0,"parent":22,"menu_order":3,"comment_status":"closed","ping_status":"closed","template":"","meta":{"footnotes":""},"class_list":["post-30","page","type-page","status-publish","hentry"],"_links":{"self":[{"href":"https:\/\/www.ambio.ch\/umweltberatung\/wp-json\/wp\/v2\/pages\/30"}],"collection":[{"href":"https:\/\/www.ambio.ch\/umweltberatung\/wp-json\/wp\/v2\/pages"}],"about":[{"href":"https:\/\/www.ambio.ch\/umweltberatung\/wp-json\/wp\/v2\/types\/page"}],"author":[{"embeddable":true,"href":"https:\/\/www.ambio.ch\/umweltberatung\/wp-json\/wp\/v2\/users\/2"}],"replies":[{"embeddable":true,"href":"https:\/\/www.ambio.ch\/umweltberatung\/wp-json\/wp\/v2\/comments?post=30"}],"version-history":[{"count":6,"href":"https:\/\/www.ambio.ch\/umweltberatung\/wp-json\/wp\/v2\/pages\/30\/revisions"}],"predecessor-version":[{"id":593,"href":"https:\/\/www.ambio.ch\/umweltberatung\/wp-json\/wp\/v2\/pages\/30\/revisions\/593"}],"up":[{"embeddable":true,"href":"https:\/\/www.ambio.ch\/umweltberatung\/wp-json\/wp\/v2\/pages\/22"}],"wp:attachment":[{"href":"https:\/\/www.ambio.ch\/umweltberatung\/wp-json\/wp\/v2\/media?parent=30"}],"curies":[{"name":"wp","href":"https:\/\/api.w.org\/{rel}","templated":true}]}}