{"id":2,"date":"2018-12-06T11:41:18","date_gmt":"2018-12-06T10:41:18","guid":{"rendered":"http:\/\/www.ambio.ch\/umweltberatung\/?page_id=2"},"modified":"2026-04-09T12:17:52","modified_gmt":"2026-04-09T10:17:52","slug":"ueber-uns","status":"publish","type":"page","link":"https:\/\/www.ambio.ch\/umweltberatung\/","title":{"rendered":"\u00dcber uns"},"content":{"rendered":"<p><strong>Ambio<\/strong> entwickelt Konzepte und erarbeitet L\u00f6sungen zu Umweltaufgaben f\u00fcr \u00f6ffentliche und private Auftraggeber. Das Team aus Fachleuten der Umwelt und Naturwissenschaften hat seit 1987 rund 200 Umweltprojekte realisiert.<\/p>\n<p>Bei der Entwicklung umfassender Konzepte, Strategien f\u00fcr den Gew\u00e4sser, Boden und Naturschutz sowie die Wald\u00f6kologie st\u00fctzt sich Ambio auf eigene Untersuchungen von Boden, Wald, Wasser und weiteren Lebensr\u00e4umen. Dieses Wissen k\u00f6nnen wir auch f\u00fcr Datennutzungskonzepte im Dienste der Umweltpolitik einsetzen.<\/p>\n<p>Ambio arbeitet mit eingespielten Netzwerken. Freie Mitarbeiter verst\u00e4rken unsere Kompetenzen in systematischer Biologie und Statistik. Permanente Arbeitsgemeinschaften bestehen mit Partnerfirmen, die Kompetenzen in Landnutzungsfragen, Public Management und Informatik aufweisen.<\/p>\n\n\n<h1 class=\"wp-block-heading\">Team<\/h1>\n\n\n\n<figure class=\"wp-block-table is-style-stripes\"><table><tbody><tr><td>Marianne KNECHT<br><\/td><td>Dr. \u00e8s sc., Biologin SVU\/ASEP; Bodenkunde, Bodenkartierung, Altlasten.<\/td><\/tr><tr><td>marianne.knecht@ambio.ch<\/td><td>Studium der Biologie an der Universit\u00e4t Genf. Abschluss als diplomierte Biologin. Doktor der Naturwissenschaften. 1977 &#8211; 1981 Forschungsaufenthalt im Centre Suisse, Elfenbeink\u00fcste. 1981 &#8211; 1983 Assistentin am Institut f\u00fcr systematische Botanik der Universit\u00e4t Z\u00fcrich. 1983 &#8211; 1986 wissenschaftliche Mitarbeiterin (Projektleiterin) am Institut f\u00fcr Grundbau und Bodenmechanik der ETH Z\u00fcrich in Abidjan. 1986 &#8211; 1988 wissenschaftliche Mitarbeiterin am Institut f\u00fcr Pflanzenwissenschaften der ETH Z\u00fcrich. 1988 &#8211; 1996 Dozentin an verschiedenen Instituten der Universit\u00e4t Z\u00fcrich. 2002 &#8211; 2006 Projektleitung Bodeninformation Schweiz BI-CH. Teilhaberin der Beratungsgemeinschaft Ambio seit 1988.<\/td><\/tr><tr><td>Markus HABERTH\u00dcR<br><img loading=\"lazy\" decoding=\"async\" width=\"150\" height=\"200\" class=\"wp-image-1087\" style=\"width: 150px;\" src=\"https:\/\/www.ambio.ch\/umweltberatung\/wp-content\/uploads\/2024\/08\/Markus-foto-scaled.jpg\" alt=\"\" srcset=\"https:\/\/www.ambio.ch\/umweltberatung\/wp-content\/uploads\/2024\/08\/Markus-foto-scaled.jpg 1920w, https:\/\/www.ambio.ch\/umweltberatung\/wp-content\/uploads\/2024\/08\/Markus-foto-225x300.jpg 225w, https:\/\/www.ambio.ch\/umweltberatung\/wp-content\/uploads\/2024\/08\/Markus-foto-768x1024.jpg 768w, https:\/\/www.ambio.ch\/umweltberatung\/wp-content\/uploads\/2024\/08\/Markus-foto-1152x1536.jpg 1152w, https:\/\/www.ambio.ch\/umweltberatung\/wp-content\/uploads\/2024\/08\/Markus-foto-1536x2048.jpg 1536w, https:\/\/www.ambio.ch\/umweltberatung\/wp-content\/uploads\/2024\/08\/Markus-foto-113x150.jpg 113w\" sizes=\"(max-width: 150px) 100vw, 150px\" \/><\/td><td>Dipl. Natw. ETH, SVU\/ASEP; Fliessgew\u00e4ssermonitoring, Gew\u00e4sserschutz, Wassermanagement-Konzepte f\u00fcr Kraftwerke, Kleinseen- und Weihersanierung, Datenanalysen, Evaluation Vollzug Umweltgesetz, Projektleitung, Fachauditor Wasserkraft <em>naturemade star<\/em>.<\/td><\/tr><tr><td>markus.haberthuer@ambio.ch<\/td><td>Studium der Naturwissenschaften an der ETH Z\u00fcrich, Absolvent des Projektorientierten Studiums (POST). Zusatzausbildung in Volkswirtschaftslehre. 1979 \u2013 1981. Mitarbeit am \u00abBiozidprojekt\u00bb von WWF, SBN, SGU. 1979 &#8211; 1983 freier Mitarbeiter der Beratungsgemeinschaft f\u00fcr Umweltfragen (BGU). Ab 1983 Mitbegr\u00fcnder und Teilhaber der Beratungsgemeinschaft Ambio. In dieser Funktion bis heute Mitarbeit und Leitung zahlreicher Projekte in den Bereichen Fliessgew\u00e4ssermonitoring auf nationaler, kantonaler und regionaler Ebene, Weiher- und Kleinseensanierung, Biodiversit\u00e4t, Verbesserung des Wasser- und N\u00e4hrstoffhaushalt von Feuchtgebieten, GEP und REP, Gew\u00e4sser und Einzugsgebiet bezogene Gesamtanalysen und Studien, Erfolgskontrollen von ARA-Projekten und Siedlungsentw\u00e4sserungen, Wassermanagement-konzepte von Kraftwerken, Evaluationen des Vollzugs im Rahmen der Umweltgesetzgebung. 1994 &#8211; 1995 T\u00e4tigkeit in der Entwicklungszusammenarbeit f\u00fcr Helvetas und Solidarmed in Cabo Delgado, Mo\u00e7ambique. Seit 2000 mehrj\u00e4hrige Mandate f\u00fcr IKUB, NUD-CH, SBS, NAWA im Auftrag des Bundesamtes f\u00fcr Umwelt (BAFU). Fachauditor des VUE f\u00fcr den Bereich Wasserkraft (<em>naturemade star<\/em>).<br><\/td><\/tr><tr><td><a href=\"https:\/\/ch.linkedin.com\/in\/romina-%C3%A1lvarez-troncoso-ba057a16\/en?trk=profile-badge\">Romina \u00c1LVAREZ-TRONCOSO<\/a><br><img loading=\"lazy\" decoding=\"async\" width=\"150\" height=\"150\" class=\"wp-image-819\" style=\"width: 150px;\" src=\"https:\/\/www.ambio.ch\/umweltberatung\/wp-content\/uploads\/2024\/08\/Romina.jpeg\" alt=\"\" srcset=\"https:\/\/www.ambio.ch\/umweltberatung\/wp-content\/uploads\/2024\/08\/Romina.jpeg 700w, https:\/\/www.ambio.ch\/umweltberatung\/wp-content\/uploads\/2024\/08\/Romina-300x300.jpeg 300w, https:\/\/www.ambio.ch\/umweltberatung\/wp-content\/uploads\/2024\/08\/Romina-150x150.jpeg 150w\" sizes=\"(max-width: 150px) 100vw, 150px\" \/><\/td><td>Dr. Biologie; Gew\u00e4sser\u00f6kologie, Umweltberatung, Statistik.<\/td><\/tr><tr><td>romina.alvarez@ambio.ch<\/td><td>Studium der PhD Biologie von der <a href=\"https:\/\/biologiaambiental.webs.uvigo.es\/equipo\/\" data-type=\"link\" data-id=\"https:\/\/biologiaambiental.webs.uvigo.es\/equipo\/\">Universit\u00e4t Vigo<\/a> mit \u00fcber 20 Jahren solider Berufserfahrung in Projekten zur Wasserbewirtschaftung, Wasserqualit\u00e4t, Umweltimplementierung, Biodiversit\u00e4t sowie in der Anwendung von Wasserpolitik und gesetzgebung. Dr. \u00c1lvarez verf\u00fcgt \u00fcber internationale Erfahrung als Teamleiterin in Projekten, die von der EU\/EuropeAid, der Schweizer Regierung und anderen Organisationen (SIDA, WB) im Zusammenhang mit Umwelt und Wasser finanziert werden. Dazu geh\u00f6ren Projekte zur Bewirtschaftung von Pl\u00e4nen in Natura 2000-Gebieten sowie zur Sammlung von Makroinvertebraten, Makrophyten, Diatomeen, Fischen und Phytoplankton. Dar\u00fcber hinaus hat sie langj\u00e4hrige Erfahrung in der Umsetzung limnologischer Projekte in verschiedenen Einzugsgebieten in Spanien, der Schweiz, Polen, dem Kosovo, Armenien, Aserbaidschan, Belarus, Moldawien, Georgien und der Ukraine sowie in der Region Naher Osten und Nordafrika (MENA), Mexiko und Kolumbien, sowohl im biologischen Monitoring als auch bei der Probenahme hydrologischer, hydromorphologischer und physikalisch-chemischer Parameter. Seit 2021 ist sie au\u00dferdem die Sekret\u00e4rin der Iberischen Limnologie-Vereinigung (<a href=\"https:\/\/www.limnetica.com\/en\/about-ail\" data-type=\"link\" data-id=\"https:\/\/www.limnetica.com\/en\/about-ail\">AIL<\/a>). <\/td><\/tr><\/tbody><\/table><\/figure>\n\n\n\n<p><\/p>\n","protected":false},"excerpt":{"rendered":"<p>Ambio entwickelt Konzepte und erarbeitet L\u00f6sungen zu Umweltaufgaben f\u00fcr \u00f6ffentliche und private Auftraggeber. Das Team aus Fachleuten der Umwelt und Naturwissenschaften hat seit 1987 rund 200 Umweltprojekte realisiert. Bei der Entwicklung umfassender Konzepte, Strategien f\u00fcr den Gew\u00e4sser, Boden und Naturschutz sowie die Wald\u00f6kologie st\u00fctzt sich Ambio auf eigene Untersuchungen von&#8230;<\/p>\n<p> <a class=\"continue-reading-link\" href=\"https:\/\/www.ambio.ch\/umweltberatung\/\"><span>Continue reading<\/span><i class=\"crycon-right-dir\"><\/i><\/a> <\/p>\n","protected":false},"author":2,"featured_media":0,"parent":0,"menu_order":0,"comment_status":"closed","ping_status":"closed","template":"","meta":{"footnotes":""},"class_list":["post-2","page","type-page","status-publish","hentry"],"_links":{"self":[{"href":"https:\/\/www.ambio.ch\/umweltberatung\/wp-json\/wp\/v2\/pages\/2"}],"collection":[{"href":"https:\/\/www.ambio.ch\/umweltberatung\/wp-json\/wp\/v2\/pages"}],"about":[{"href":"https:\/\/www.ambio.ch\/umweltberatung\/wp-json\/wp\/v2\/types\/page"}],"author":[{"embeddable":true,"href":"https:\/\/www.ambio.ch\/umweltberatung\/wp-json\/wp\/v2\/users\/2"}],"replies":[{"embeddable":true,"href":"https:\/\/www.ambio.ch\/umweltberatung\/wp-json\/wp\/v2\/comments?post=2"}],"version-history":[{"count":64,"href":"https:\/\/www.ambio.ch\/umweltberatung\/wp-json\/wp\/v2\/pages\/2\/revisions"}],"predecessor-version":[{"id":1164,"href":"https:\/\/www.ambio.ch\/umweltberatung\/wp-json\/wp\/v2\/pages\/2\/revisions\/1164"}],"wp:attachment":[{"href":"https:\/\/www.ambio.ch\/umweltberatung\/wp-json\/wp\/v2\/media?parent=2"}],"curies":[{"name":"wp","href":"https:\/\/api.w.org\/{rel}","templated":true}]}}