{"id":19,"date":"2018-12-06T12:01:07","date_gmt":"2018-12-06T11:01:07","guid":{"rendered":"http:\/\/www.ambio.ch\/umweltberatung\/?page_id=19"},"modified":"2025-07-20T15:06:23","modified_gmt":"2025-07-20T13:06:23","slug":"integrale-umweltprojekte","status":"publish","type":"page","link":"https:\/\/www.ambio.ch\/umweltberatung\/dienstleistungen\/integrale-umweltprojekte\/","title":{"rendered":"Integrale Umweltprojekte"},"content":{"rendered":"\n<h5 class=\"wp-block-heading\">Umweltberatung beinhaltet oft Querschnittsaufgaben. Ambio leitet oder bearbeitet als Partner in einem Team Umweltvertr\u00e4glichkeitspr\u00fcfungen und Schwachstellenanalysen. F\u00fcr Firmen und Gemeinden erstellen wir Umweltberichte, \u00d6kobilanzen und f\u00fchren Umweltaudits durch. Studien zu \u00f6kotoxikologischen Fragen geh\u00f6rten ebenfalls zu unsern Auftr\u00e4gen. Wir haben schon Tagungen, Exkursionen organisiert Medienauftritte bestritten und Ausstellungsbeitr\u00e4ge mitkonzipiert. Einige unserer Mitarbeiter haben Auslanderfahrung im Rahmen der Entwicklungszusammenarbeit. Schwerpunkte sind:<br><br><\/h5>\n\n\n<ul class=\"lcp_catlist\" id=\"lcp_instance_0\"><li ><a href=\"https:\/\/www.ambio.ch\/umweltberatung\/2018\/12\/schwachstellenanalysen\/\" title=\"Schwachstellenanalysen\">Schwachstellenanalysen<\/a>  <\/li><li ><a href=\"https:\/\/www.ambio.ch\/umweltberatung\/2018\/12\/umweltvertraeglichkeitspruefungen-uvps\/\" title=\"Umweltvertr\u00e4glichkeitspr\u00fcfungen (UVPs)\">Umweltvertr\u00e4glichkeitspr\u00fcfungen (UVPs)<\/a>  <\/li><\/ul>\n\n\n\n<p><\/p>\n","protected":false},"excerpt":{"rendered":"<p>Umweltberatung beinhaltet oft Querschnittsaufgaben. Ambio leitet oder bearbeitet als Partner in einem Team Umweltvertr\u00e4glichkeitspr\u00fcfungen und Schwachstellenanalysen. F\u00fcr Firmen und Gemeinden erstellen wir Umweltberichte, \u00d6kobilanzen und f\u00fchren Umweltaudits durch. Studien zu \u00f6kotoxikologischen Fragen geh\u00f6rten ebenfalls zu unsern Auftr\u00e4gen. Wir haben schon Tagungen, Exkursionen organisiert Medienauftritte bestritten und Ausstellungsbeitr\u00e4ge mitkonzipiert. Einige unserer&#8230;<\/p>\n<p> <a class=\"continue-reading-link\" href=\"https:\/\/www.ambio.ch\/umweltberatung\/dienstleistungen\/integrale-umweltprojekte\/\"><span>Continue reading<\/span><i class=\"crycon-right-dir\"><\/i><\/a> <\/p>\n","protected":false},"author":2,"featured_media":0,"parent":8,"menu_order":4,"comment_status":"closed","ping_status":"closed","template":"","meta":{"footnotes":""},"class_list":["post-19","page","type-page","status-publish","hentry"],"_links":{"self":[{"href":"https:\/\/www.ambio.ch\/umweltberatung\/wp-json\/wp\/v2\/pages\/19"}],"collection":[{"href":"https:\/\/www.ambio.ch\/umweltberatung\/wp-json\/wp\/v2\/pages"}],"about":[{"href":"https:\/\/www.ambio.ch\/umweltberatung\/wp-json\/wp\/v2\/types\/page"}],"author":[{"embeddable":true,"href":"https:\/\/www.ambio.ch\/umweltberatung\/wp-json\/wp\/v2\/users\/2"}],"replies":[{"embeddable":true,"href":"https:\/\/www.ambio.ch\/umweltberatung\/wp-json\/wp\/v2\/comments?post=19"}],"version-history":[{"count":6,"href":"https:\/\/www.ambio.ch\/umweltberatung\/wp-json\/wp\/v2\/pages\/19\/revisions"}],"predecessor-version":[{"id":1128,"href":"https:\/\/www.ambio.ch\/umweltberatung\/wp-json\/wp\/v2\/pages\/19\/revisions\/1128"}],"up":[{"embeddable":true,"href":"https:\/\/www.ambio.ch\/umweltberatung\/wp-json\/wp\/v2\/pages\/8"}],"wp:attachment":[{"href":"https:\/\/www.ambio.ch\/umweltberatung\/wp-json\/wp\/v2\/media?parent=19"}],"curies":[{"name":"wp","href":"https:\/\/api.w.org\/{rel}","templated":true}]}}