{"id":17,"date":"2018-12-06T12:00:34","date_gmt":"2018-12-06T11:00:34","guid":{"rendered":"http:\/\/www.ambio.ch\/umweltberatung\/?page_id=17"},"modified":"2025-07-20T14:54:28","modified_gmt":"2025-07-20T12:54:28","slug":"umweltdaten-und-politik","status":"publish","type":"page","link":"https:\/\/www.ambio.ch\/umweltberatung\/dienstleistungen\/umweltdaten-und-politik\/","title":{"rendered":"Umweltdaten und Politik"},"content":{"rendered":"\n<h5 class=\"wp-block-heading has-text-align-left\">Umweltinformationen sind eine unverzichtbare Grundlage der Umweltpolitik. Wir sichten und ordnen die Umweltdaten f\u00fcr die Aufgaben \u00f6ffentlicher und privater Institutionen. Damit Umweltdaten durch die umweltpolitischen Akteure innerhalb und ausserhalb der \u00f6ffentlichen Verwaltungen effizient genutzt werden k\u00f6nnen, erstellen wir angepasste Datenbewirtschaftungs- und Datennutzungskonzepte.<\/h5>\n\n\n\n<h5 class=\"wp-block-heading has-text-align-left\">Mit Datenanalysen, Machbarkeitsstudien etc. bereiten wir Evaluations-, Controlling- und Steuerungsaufgaben vor. Schwerpunkte sind:<br><br><\/h5>\n\n\n<ul class=\"lcp_catlist\" id=\"lcp_instance_0\"><li ><a href=\"https:\/\/www.ambio.ch\/umweltberatung\/2018\/12\/beduerfnisabklaerungen-fuer-umweltdaten\/\" title=\"Bed\u00fcrfnisabkl\u00e4rungen f\u00fcr Umweltdaten\">Bed\u00fcrfnisabkl\u00e4rungen f\u00fcr Umweltdaten<\/a>  <\/li><li ><a href=\"https:\/\/www.ambio.ch\/umweltberatung\/2018\/12\/konzepte\/\" title=\"Konzepte f\u00fcr das Umweltdatenmanagement von Fachstellen, \u00c4mtern und Unternehmen\">Konzepte f\u00fcr das Umweltdatenmanagement von Fachstellen, \u00c4mtern und Unternehmen<\/a>  <\/li><li ><a href=\"https:\/\/www.ambio.ch\/umweltberatung\/2018\/12\/langzeit-monitoring-konzepte\/\" title=\"Langzeit-Monitoring-Konzepte zur Umweltbeobachtung\">Langzeit-Monitoring-Konzepte zur Umweltbeobachtung<\/a>  <\/li><li ><a href=\"https:\/\/www.ambio.ch\/umweltberatung\/2018\/12\/ausuebung-von-mandaten-im-umweltbereich\/\" title=\"Aus\u00fcbung von Mandaten im Umweltbereich\">Aus\u00fcbung von Mandaten im Umweltbereich<\/a>  <\/li><\/ul>\n","protected":false},"excerpt":{"rendered":"<p>Umweltinformationen sind eine unverzichtbare Grundlage der Umweltpolitik. Wir sichten und ordnen die Umweltdaten f\u00fcr die Aufgaben \u00f6ffentlicher und privater Institutionen. Damit Umweltdaten durch die umweltpolitischen Akteure innerhalb und ausserhalb der \u00f6ffentlichen Verwaltungen effizient genutzt werden k\u00f6nnen, erstellen wir angepasste Datenbewirtschaftungs- und Datennutzungskonzepte. Mit Datenanalysen, Machbarkeitsstudien etc. bereiten wir Evaluations-, Controlling-&#8230;<\/p>\n<p> <a class=\"continue-reading-link\" href=\"https:\/\/www.ambio.ch\/umweltberatung\/dienstleistungen\/umweltdaten-und-politik\/\"><span>Continue reading<\/span><i class=\"crycon-right-dir\"><\/i><\/a> <\/p>\n","protected":false},"author":2,"featured_media":0,"parent":8,"menu_order":3,"comment_status":"closed","ping_status":"closed","template":"","meta":{"footnotes":""},"class_list":["post-17","page","type-page","status-publish","hentry"],"_links":{"self":[{"href":"https:\/\/www.ambio.ch\/umweltberatung\/wp-json\/wp\/v2\/pages\/17"}],"collection":[{"href":"https:\/\/www.ambio.ch\/umweltberatung\/wp-json\/wp\/v2\/pages"}],"about":[{"href":"https:\/\/www.ambio.ch\/umweltberatung\/wp-json\/wp\/v2\/types\/page"}],"author":[{"embeddable":true,"href":"https:\/\/www.ambio.ch\/umweltberatung\/wp-json\/wp\/v2\/users\/2"}],"replies":[{"embeddable":true,"href":"https:\/\/www.ambio.ch\/umweltberatung\/wp-json\/wp\/v2\/comments?post=17"}],"version-history":[{"count":7,"href":"https:\/\/www.ambio.ch\/umweltberatung\/wp-json\/wp\/v2\/pages\/17\/revisions"}],"predecessor-version":[{"id":1124,"href":"https:\/\/www.ambio.ch\/umweltberatung\/wp-json\/wp\/v2\/pages\/17\/revisions\/1124"}],"up":[{"embeddable":true,"href":"https:\/\/www.ambio.ch\/umweltberatung\/wp-json\/wp\/v2\/pages\/8"}],"wp:attachment":[{"href":"https:\/\/www.ambio.ch\/umweltberatung\/wp-json\/wp\/v2\/media?parent=17"}],"curies":[{"name":"wp","href":"https:\/\/api.w.org\/{rel}","templated":true}]}}