{"id":11,"date":"2018-12-06T11:58:18","date_gmt":"2018-12-06T10:58:18","guid":{"rendered":"http:\/\/www.ambio.ch\/umweltberatung\/?page_id=11"},"modified":"2024-09-05T13:39:27","modified_gmt":"2024-09-05T11:39:27","slug":"wasser","status":"publish","type":"page","link":"https:\/\/www.ambio.ch\/umweltberatung\/dienstleistungen\/wasser\/","title":{"rendered":"Wasser"},"content":{"rendered":"\n<h5 class=\"wp-block-heading\">Wasser ist ein Grundstoff f\u00fcr Leben, Transportmedium f\u00fcr die Verteilung von Stoffen in Organismen und Umwelt sowie eine Quelle erneuerbarer Energie. Ambio unterst\u00fctzt die Beh\u00f6rden durch Gew\u00e4ssermonitorings, Erfolgskontrollen an Kl\u00e4ranlagen und Siedlungsentw\u00e4sserungen, Wasser- und Stoffbilanzen von ganzen Einzugsgebieten, mit umfassenden Datenanalysen, Rechenschaftsberichten und Studien zum Gew\u00e4sserschutz. Wir untersuchen die Gew\u00e4sservertr\u00e4glichkeit von Bauprojekten und Stoffen, beraten \u00f6ffentliche und private Kunden bei der Wahrnehmung gew\u00e4sserbezogener Interessen. Schwerpunkte sind:<br><br><\/h5>\n\n\n<ul class=\"lcp_catlist\" id=\"lcp_instance_0\"><li ><a href=\"https:\/\/www.ambio.ch\/umweltberatung\/2018\/12\/sanierungskonzepte-von-kleinseen-und-weihern\/\" title=\"Sanierungskonzepte von Kleinseen und Weihern\">Sanierungskonzepte von Kleinseen und Weihern<\/a>  <\/li><li ><a href=\"https:\/\/www.ambio.ch\/umweltberatung\/2018\/12\/gewaesservertraeglichkeit\/\" title=\"Gew\u00e4sservertr\u00e4glichkeit von Industrieabw\u00e4ssern und speziellen Stoffen\">Gew\u00e4sservertr\u00e4glichkeit von Industrieabw\u00e4ssern und speziellen Stoffen<\/a>  <\/li><li ><a href=\"https:\/\/www.ambio.ch\/umweltberatung\/2018\/12\/optimierung-der-wasser-und-naehrstoffsituation-in-moorgebieten-und-auen\/\" title=\"Optimierung der Wasser- und N\u00e4hrstoffsituation in Moorgebieten und Auen\">Optimierung der Wasser- und N\u00e4hrstoffsituation in Moorgebieten und Auen<\/a>  <\/li><li ><a href=\"https:\/\/www.ambio.ch\/umweltberatung\/2018\/12\/grundlagenberichte-zustands-und-nutzungsanalysen-von-gewaessersystemen\/\" title=\"Grundlagenberichte, Zustands- und Nutzungsanalysen von Gew\u00e4ssersystemen\">Grundlagenberichte, Zustands- und Nutzungsanalysen von Gew\u00e4ssersystemen<\/a>  <\/li><li ><a href=\"https:\/\/www.ambio.ch\/umweltberatung\/2018\/12\/erfolgskontrollen-von-abwasserreinigungsprojekten\/\" title=\"Erfolgskontrollen von Abwasserreinigungsprojekten und Siedlungsentw\u00e4sserungen\">Erfolgskontrollen von Abwasserreinigungsprojekten und Siedlungsentw\u00e4sserungen<\/a>  <\/li><li ><a href=\"https:\/\/www.ambio.ch\/umweltberatung\/2018\/12\/monitoring-der-gewaesserqualitaet-ganzer-gewaessereinzugsgebiete\/\" title=\"Leitung und Durchf\u00fchrung von Monitoringprogrammen im Auftrag \u00f6ffentlicher Stellen\">Leitung und Durchf\u00fchrung von Monitoringprogrammen im Auftrag \u00f6ffentlicher Stellen<\/a>  <\/li><\/ul>\n","protected":false},"excerpt":{"rendered":"<p>Wasser ist ein Grundstoff f\u00fcr Leben, Transportmedium f\u00fcr die Verteilung von Stoffen in Organismen und Umwelt sowie eine Quelle erneuerbarer Energie. Ambio unterst\u00fctzt die Beh\u00f6rden durch Gew\u00e4ssermonitorings, Erfolgskontrollen an Kl\u00e4ranlagen und Siedlungsentw\u00e4sserungen, Wasser- und Stoffbilanzen von ganzen Einzugsgebieten, mit umfassenden Datenanalysen, Rechenschaftsberichten und Studien zum Gew\u00e4sserschutz. Wir untersuchen die Gew\u00e4sservertr\u00e4glichkeit&#8230;<\/p>\n<p> <a class=\"continue-reading-link\" href=\"https:\/\/www.ambio.ch\/umweltberatung\/dienstleistungen\/wasser\/\"><span>Continue reading<\/span><i class=\"crycon-right-dir\"><\/i><\/a> <\/p>\n","protected":false},"author":2,"featured_media":281,"parent":8,"menu_order":0,"comment_status":"closed","ping_status":"closed","template":"","meta":{"footnotes":""},"class_list":["post-11","page","type-page","status-publish","has-post-thumbnail","hentry"],"_links":{"self":[{"href":"https:\/\/www.ambio.ch\/umweltberatung\/wp-json\/wp\/v2\/pages\/11"}],"collection":[{"href":"https:\/\/www.ambio.ch\/umweltberatung\/wp-json\/wp\/v2\/pages"}],"about":[{"href":"https:\/\/www.ambio.ch\/umweltberatung\/wp-json\/wp\/v2\/types\/page"}],"author":[{"embeddable":true,"href":"https:\/\/www.ambio.ch\/umweltberatung\/wp-json\/wp\/v2\/users\/2"}],"replies":[{"embeddable":true,"href":"https:\/\/www.ambio.ch\/umweltberatung\/wp-json\/wp\/v2\/comments?post=11"}],"version-history":[{"count":24,"href":"https:\/\/www.ambio.ch\/umweltberatung\/wp-json\/wp\/v2\/pages\/11\/revisions"}],"predecessor-version":[{"id":1102,"href":"https:\/\/www.ambio.ch\/umweltberatung\/wp-json\/wp\/v2\/pages\/11\/revisions\/1102"}],"up":[{"embeddable":true,"href":"https:\/\/www.ambio.ch\/umweltberatung\/wp-json\/wp\/v2\/pages\/8"}],"wp:featuredmedia":[{"embeddable":true,"href":"https:\/\/www.ambio.ch\/umweltberatung\/wp-json\/wp\/v2\/media\/281"}],"wp:attachment":[{"href":"https:\/\/www.ambio.ch\/umweltberatung\/wp-json\/wp\/v2\/media?parent=11"}],"curies":[{"name":"wp","href":"https:\/\/api.w.org\/{rel}","templated":true}]}}